{"id":82,"date":"2018-09-07T13:25:54","date_gmt":"2018-09-07T11:25:54","guid":{"rendered":"http:\/\/casalparis.cat\/?page_id=82"},"modified":"2026-04-02T22:48:15","modified_gmt":"2026-04-02T20:48:15","slug":"presentacio","status":"publish","type":"page","link":"https:\/\/casalparis.cat\/?page_id=82","title":{"rendered":"Presentaci\u00f3"},"content":{"rendered":"<p>El Casal de Catalunya de Par\u00eds \u00e9s una associaci\u00f3 que es va crear l&#8217;any 1945, per esdevenir el punt de trobada dels exiliats catalans.<br \/>\nActualment segueix sent un ll<span class=\"text_exposed_show\">oc de trobada, per\u00f2 ja no d&#8217;exiliats, sin\u00f3 de catalans, catalan\u00f2fils i gent d&#8217;arreu que vivim a Par\u00eds, o que hi som de pas i que volem continuar gaudint de totes les tradicions, esdeveniments i cultura catalanes.<\/span><\/p>\n<p>Els membres de la junta des del 29 de novembre del 2025:<\/p>\n<p>Montse Pacheco &#8211; Presidenta<\/p>\n<p>Rita Mayor &#8211; Tresorera<\/p>\n<p>Mireia Castias &#8211; Secret\u00e0ria<\/p>\n<p>Vocals : Roger Orriols, Maria Teresa Niubo, Ares Rocanin<\/p>\n<p>L&#8217;entitat est\u00e0 enregistrada com a Associaci\u00f3 francesa sense \u00e0nim de lucre (loi 1901) al registre d&#8217;associacions franc\u00e8s amb el numero W751012962 i des de l&#8217;1 d&#8217;octubre de 2024 est\u00e0 enregistrada en el registre de comer\u00e7 amb el numero 939 623 039 00012.<\/p>\n<p>El Casal \u00e9s una entitat reconeguda oficialment pel Govern de la Generalitat de Catalunya com a Comunitat Catalana a l&#8217;Exterior (CCE). Aquest reconeixement s&#8217;atribueix a <span style=\"font-size: revert;\">les entitats de naturalesa associativa sense \u00e0nim de lucre, constitu\u00efdes legalment sota qualsevol forma reconeguda en dret, que tenen com a finalitat la promoci\u00f3 de Catalunya i el suport a la comunitat catalana resident fora del territori catal\u00e0.<\/span><\/p>\n<p>En aquest sentit, gaudeix del suport financer de la Generalitat via una sol.licitud de subvencions.<\/p>\n<p><a href=\"https:\/\/casalparis.cat\/wp-content\/uploads\/2025\/05\/DOGC_9405_Resolucio_convocatoria-subvencions-comunitats-catalanes-a-lexterior-2025.pdf\">DOGC_9405_Resoluci\u00f3_convocat\u00f2ria subvencions comunitats catalanes a l&#8217;exterior 2025<\/a><\/p>\n","protected":false},"excerpt":{"rendered":"<p>El Casal de Catalunya de Par\u00eds \u00e9s una associaci\u00f3 que es va crear l&#8217;any 1945, per esdevenir el punt de trobada dels exiliats catalans. Actualment segueix sent un lloc de trobada, per\u00f2 ja no d&#8217;exiliats, sin\u00f3 de catalans, catalan\u00f2fils i &hellip; <a href=\"https:\/\/casalparis.cat\/?page_id=82\">Continua llegint <span class=\"meta-nav\">&rarr;<\/span><\/a><\/p>\n","protected":false},"author":1,"featured_media":0,"parent":0,"menu_order":0,"comment_status":"closed","ping_status":"closed","template":"","meta":{"footnotes":""},"class_list":["post-82","page","type-page","status-publish","hentry"],"_links":{"self":[{"href":"https:\/\/casalparis.cat\/index.php?rest_route=\/wp\/v2\/pages\/82","targetHints":{"allow":["GET"]}}],"collection":[{"href":"https:\/\/casalparis.cat\/index.php?rest_route=\/wp\/v2\/pages"}],"about":[{"href":"https:\/\/casalparis.cat\/index.php?rest_route=\/wp\/v2\/types\/page"}],"author":[{"embeddable":true,"href":"https:\/\/casalparis.cat\/index.php?rest_route=\/wp\/v2\/users\/1"}],"replies":[{"embeddable":true,"href":"https:\/\/casalparis.cat\/index.php?rest_route=%2Fwp%2Fv2%2Fcomments&post=82"}],"version-history":[{"count":7,"href":"https:\/\/casalparis.cat\/index.php?rest_route=\/wp\/v2\/pages\/82\/revisions"}],"predecessor-version":[{"id":3655,"href":"https:\/\/casalparis.cat\/index.php?rest_route=\/wp\/v2\/pages\/82\/revisions\/3655"}],"wp:attachment":[{"href":"https:\/\/casalparis.cat\/index.php?rest_route=%2Fwp%2Fv2%2Fmedia&parent=82"}],"curies":[{"name":"wp","href":"https:\/\/api.w.org\/{rel}","templated":true}]}}