{"id":73,"date":"2018-09-07T13:25:54","date_gmt":"2018-09-07T11:25:54","guid":{"rendered":"http:\/\/casalparis.cat\/?page_id=73"},"modified":"2025-07-14T22:59:21","modified_gmt":"2025-07-14T20:59:21","slug":"fes-te-soci","status":"publish","type":"page","link":"https:\/\/casalparis.cat\/?page_id=73","title":{"rendered":"Fes-te soci"},"content":{"rendered":"\n<div class=\"wp-block-group\"><div class=\"wp-block-group__inner-container is-layout-constrained wp-block-group-is-layout-constrained\">\n<div class=\"campaign-header-wrapper sticky show\">\n<div class=\"container\">\n<div class=\"campaign-header\">\n<div>\u00a0<\/div>\n<\/div>\n<\/div>\n<\/div>\n<div class=\"sidebar-mobile col-sm-3 pull-right\">\n<div class=\"tablet-hidden desktop-visible\"><span style=\"color: #ff0000;\"><strong>Quotes soci 2025 &#8211; 2026<\/strong><\/span><\/div>\n<\/div>\n<div class=\"campaign-bottom col-sm-9\">\n<div class=\"campaign-module\">\n<div>\n<p>El Casal de Catalunya de Paris organitza activitats per a tots aquells que vulguin descobrir, viure i compartir la cultura catalana. Apuntar-se com a soci \u00e9s participar a la vida del Casal i permetre que la cultura catalana continui existint m\u00e9s enll\u00e0 dels Pirineus. A m\u00e9s, podreu pagar les activitats a preu redu\u00eft i tenir prefer\u00e8ncia per apuntar-vos a les activitats. La temporada va de setembre a agost.<\/p>\n<\/div>\n<div>\n<p>Ens voleu ajudar a continuar tirant endavant aquest projecte?<\/p>\n<\/div>\n<div>\n<p>Us hi esperem!<\/p>\n<\/div>\n<\/div>\n<\/div>\n<p>Vols fer-te soci? \u00c9s molt f\u00e0cil. <a href=\"https:\/\/www.helloasso.com\/associations\/casal-de-catalunya-de-paris\/adhesions\/quotes-soci-2025-2026-cotisations-2025-2026\" target=\"_blank\" rel=\"noopener\">Fer-me soci!<\/a><\/p>\n<\/div><\/div>\n\n\n\n<p><\/p>\n","protected":false},"excerpt":{"rendered":"<p>\u00a0 Quotes soci 2025 &#8211; 2026 El Casal de Catalunya de Paris organitza activitats per a tots aquells que vulguin descobrir, viure i compartir la cultura catalana. Apuntar-se com a soci \u00e9s participar a la vida del Casal i permetre &hellip; <a href=\"https:\/\/casalparis.cat\/?page_id=73\">Continua llegint <span class=\"meta-nav\">&rarr;<\/span><\/a><\/p>\n","protected":false},"author":1,"featured_media":0,"parent":0,"menu_order":0,"comment_status":"closed","ping_status":"closed","template":"","meta":{"footnotes":""},"class_list":["post-73","page","type-page","status-publish","hentry"],"_links":{"self":[{"href":"https:\/\/casalparis.cat\/index.php?rest_route=\/wp\/v2\/pages\/73","targetHints":{"allow":["GET"]}}],"collection":[{"href":"https:\/\/casalparis.cat\/index.php?rest_route=\/wp\/v2\/pages"}],"about":[{"href":"https:\/\/casalparis.cat\/index.php?rest_route=\/wp\/v2\/types\/page"}],"author":[{"embeddable":true,"href":"https:\/\/casalparis.cat\/index.php?rest_route=\/wp\/v2\/users\/1"}],"replies":[{"embeddable":true,"href":"https:\/\/casalparis.cat\/index.php?rest_route=%2Fwp%2Fv2%2Fcomments&post=73"}],"version-history":[{"count":12,"href":"https:\/\/casalparis.cat\/index.php?rest_route=\/wp\/v2\/pages\/73\/revisions"}],"predecessor-version":[{"id":3497,"href":"https:\/\/casalparis.cat\/index.php?rest_route=\/wp\/v2\/pages\/73\/revisions\/3497"}],"wp:attachment":[{"href":"https:\/\/casalparis.cat\/index.php?rest_route=%2Fwp%2Fv2%2Fmedia&parent=73"}],"curies":[{"name":"wp","href":"https:\/\/api.w.org\/{rel}","templated":true}]}}