{"id":71,"date":"2018-09-07T13:25:53","date_gmt":"2018-09-07T11:25:53","guid":{"rendered":"http:\/\/casalparis.cat\/?page_id=71"},"modified":"2026-02-08T23:30:30","modified_gmt":"2026-02-08T22:30:30","slug":"casal-de-xics","status":"publish","type":"page","link":"https:\/\/casalparis.cat\/?page_id=71","title":{"rendered":"Altres entitats"},"content":{"rendered":"\n<p>Aqui trobareu els enlla\u00e7os a les p\u00e0gines web d&#8217;altres entitats que podrien ser del vostre inter\u00e8s<\/p>\n\n\n\n<p><strong>FIEC<\/strong> &#8211; Federacio Internacional d&#8217;Entitats Catalanes<\/p>\n\n\n\n<p><a href=\"https:\/\/www.fiecweb.cat\/\" target=\"_blank\" rel=\"noreferrer noopener\">https:\/\/www.fiecweb.cat\/<\/a><\/p>\n\n\n\n<p><\/p>\n\n\n\n<p><strong>Departament d&#8217;Acci\u00f3 Exterior i Uni\u00f3 Europea<\/strong><\/p>\n\n\n\n<p><a href=\"https:\/\/exteriors.gencat.cat\/ca\/inici\/\" target=\"_blank\" rel=\"noreferrer noopener\">https:\/\/exteriors.gencat.cat\/ca\/inici\/<\/a><\/p>\n\n\n\n<p><\/p>\n\n\n\n<p><strong>Universitat de Tolosa Jean-Jaur\u00e8s<\/strong><\/p>\n\n\n\n<p><a href=\"https:\/\/www.univ-tlse2.fr\/\" target=\"_blank\" rel=\"noreferrer noopener\">https:\/\/www.univ-tlse2.fr\/<\/a><\/p>\n\n\n\n<p><strong>Penya Blaugrana de Paris (PBP)<\/strong><\/p>\n\n\n\n<p><a href=\"https:\/\/parisblaugrana.fr\/\">Penya Blaugrana de Paris<\/a><\/p>\n\n\n\n<p><strong><a href=\"https:\/\/exterior.cat\/\" data-type=\"link\" data-id=\"https:\/\/exterior.cat\/\">Exterior.cat<\/a><\/strong><\/p>\n\n\n\n<p><a href=\"https:\/\/exterior.cat\">https:\/\/exterior.cat<\/a><\/p>\n\n\n\n<p><\/p>\n\n\n\n<p><strong>RAB R\u00e0dio<\/strong> &#8211; R\u00e0dio Am\u00e8rica Barcelona<\/p>\n\n\n\n<p><a href=\"http:\/\/www.rab.cat\/\" target=\"_blank\" rel=\"noreferrer noopener\">http:\/\/www.rab.cat\/<\/a><\/p>\n\n\n\n<p><strong>Embaixada d&#8217;Espanya a Par\u00eds<\/strong><\/p>\n\n\n\n<p>Ministerio de Trabajo y Econom\u00eda Social (<a href=\"https:\/\/www.mites.gob.es\/mundo\/consejerias\/francia\/es\/boletin-informativo\/index.html#tab-containerd3d84159-9ea6-11f0-ad88-59820ce51cc1-1\">Butlletins i Revista mensual &#8220;Petit Mag&#8221;<\/a>)<\/p>\n","protected":false},"excerpt":{"rendered":"<p>Aqui trobareu els enlla\u00e7os a les p\u00e0gines web d&#8217;altres entitats que podrien ser del vostre inter\u00e8s FIEC &#8211; Federacio Internacional d&#8217;Entitats Catalanes https:\/\/www.fiecweb.cat\/ Departament d&#8217;Acci\u00f3 Exterior i Uni\u00f3 Europea https:\/\/exteriors.gencat.cat\/ca\/inici\/ Universitat de Tolosa Jean-Jaur\u00e8s https:\/\/www.univ-tlse2.fr\/ Penya Blaugrana de Paris (PBP) &hellip; <a href=\"https:\/\/casalparis.cat\/?page_id=71\">Continua llegint <span class=\"meta-nav\">&rarr;<\/span><\/a><\/p>\n","protected":false},"author":1,"featured_media":186,"parent":0,"menu_order":0,"comment_status":"closed","ping_status":"closed","template":"","meta":{"footnotes":""},"class_list":["post-71","page","type-page","status-publish","has-post-thumbnail","hentry"],"_links":{"self":[{"href":"https:\/\/casalparis.cat\/index.php?rest_route=\/wp\/v2\/pages\/71","targetHints":{"allow":["GET"]}}],"collection":[{"href":"https:\/\/casalparis.cat\/index.php?rest_route=\/wp\/v2\/pages"}],"about":[{"href":"https:\/\/casalparis.cat\/index.php?rest_route=\/wp\/v2\/types\/page"}],"author":[{"embeddable":true,"href":"https:\/\/casalparis.cat\/index.php?rest_route=\/wp\/v2\/users\/1"}],"replies":[{"embeddable":true,"href":"https:\/\/casalparis.cat\/index.php?rest_route=%2Fwp%2Fv2%2Fcomments&post=71"}],"version-history":[{"count":9,"href":"https:\/\/casalparis.cat\/index.php?rest_route=\/wp\/v2\/pages\/71\/revisions"}],"predecessor-version":[{"id":3621,"href":"https:\/\/casalparis.cat\/index.php?rest_route=\/wp\/v2\/pages\/71\/revisions\/3621"}],"wp:featuredmedia":[{"embeddable":true,"href":"https:\/\/casalparis.cat\/index.php?rest_route=\/wp\/v2\/media\/186"}],"wp:attachment":[{"href":"https:\/\/casalparis.cat\/index.php?rest_route=%2Fwp%2Fv2%2Fmedia&parent=71"}],"curies":[{"name":"wp","href":"https:\/\/api.w.org\/{rel}","templated":true}]}}