{"id":107,"date":"2018-09-07T13:25:54","date_gmt":"2018-09-07T11:25:54","guid":{"rendered":"http:\/\/casalparis.cat\/?page_id=107"},"modified":"2019-08-17T18:50:39","modified_gmt":"2019-08-17T16:50:39","slug":"on-som","status":"publish","type":"page","link":"https:\/\/casalparis.cat\/?page_id=107","title":{"rendered":"On som?"},"content":{"rendered":"\n<p><strong>Al Casal no tenim local<\/strong>. Ens trobareu en llocs diferents depenent de l&#8217;activitat proposada. <\/p>\n\n\n\n<p>Si ens voleu escriure la nostra adre\u00e7a \u00e9s:<\/p>\n\n\n\n<p>Casal de Catalunya de Paris                                                                                             Maison des Associations 5-6\u00e8 &#8211; Bo\u00eete postale n\u00ba44 4 rue des Ar\u00e8nes 75005 PARIS<\/p>\n\n\n\n<p><\/p>\n","protected":false},"excerpt":{"rendered":"<p>Al Casal no tenim local. Ens trobareu en llocs diferents depenent de l&#8217;activitat proposada. Si ens voleu escriure la nostra adre\u00e7a \u00e9s: Casal de Catalunya de Paris Maison des Associations 5-6\u00e8 &#8211; Bo\u00eete postale n\u00ba44 4 rue des Ar\u00e8nes 75005 &hellip; <a href=\"https:\/\/casalparis.cat\/?page_id=107\">Continua llegint <span class=\"meta-nav\">&rarr;<\/span><\/a><\/p>\n","protected":false},"author":1,"featured_media":0,"parent":0,"menu_order":0,"comment_status":"closed","ping_status":"closed","template":"","meta":{"footnotes":""},"class_list":["post-107","page","type-page","status-publish","hentry"],"_links":{"self":[{"href":"https:\/\/casalparis.cat\/index.php?rest_route=\/wp\/v2\/pages\/107","targetHints":{"allow":["GET"]}}],"collection":[{"href":"https:\/\/casalparis.cat\/index.php?rest_route=\/wp\/v2\/pages"}],"about":[{"href":"https:\/\/casalparis.cat\/index.php?rest_route=\/wp\/v2\/types\/page"}],"author":[{"embeddable":true,"href":"https:\/\/casalparis.cat\/index.php?rest_route=\/wp\/v2\/users\/1"}],"replies":[{"embeddable":true,"href":"https:\/\/casalparis.cat\/index.php?rest_route=%2Fwp%2Fv2%2Fcomments&post=107"}],"version-history":[{"count":2,"href":"https:\/\/casalparis.cat\/index.php?rest_route=\/wp\/v2\/pages\/107\/revisions"}],"predecessor-version":[{"id":776,"href":"https:\/\/casalparis.cat\/index.php?rest_route=\/wp\/v2\/pages\/107\/revisions\/776"}],"wp:attachment":[{"href":"https:\/\/casalparis.cat\/index.php?rest_route=%2Fwp%2Fv2%2Fmedia&parent=107"}],"curies":[{"name":"wp","href":"https:\/\/api.w.org\/{rel}","templated":true}]}}