{"id":70,"date":"2018-09-07T13:25:53","date_gmt":"2018-09-07T11:25:53","guid":{"rendered":"http:\/\/casalparis.cat\/?page_id=70"},"modified":"2025-10-12T11:50:59","modified_gmt":"2025-10-12T09:50:59","slug":"castellers","status":"publish","type":"page","link":"http:\/\/casalparis.cat\/?page_id=70","title":{"rendered":"Castellers"},"content":{"rendered":"<div class=\"_39k5 _5s6c\">\n<div>\n<div><\/div>\n<div><strong>GEPERUTS: Castellers de Par\u00eds<\/strong><\/div>\n<div class=\"_2cuy _3dgx _2vxa\">Som una colla castellera instal\u00b7lada a la capital francesa: gent francesa, catalana i d&#8217;altres indrets amb ganes d&#8217;introduir el m\u00f3n dels castells a Par\u00eds.<\/div>\n<div class=\"_2cuy _3dgx _2vxa\">Si tu tamb\u00e9 tens ganes de participar-hi, no dubtis en escriure&#8217;ns a:<\/div>\n<div>paris.castells@gmail.com<\/div>\n<div><\/div>\n<\/div>\n<div>\n<div class=\"clearfix _ikh _3-8j _20ud\">\n<div class=\"_4bl9\">\n<div>\n<div>https:\/\/www.facebook.com\/castells.paris\/<\/div>\n<div>www.castellersdeparis.fr<\/div>\n<\/div>\n<\/div>\n<\/div>\n<div class=\"_5aj7 _3-8j\">\n<div class=\"_4bl9\">\n<div>http:\/\/www.twitter.com\/geperuts<\/div>\n<\/div>\n<\/div>\n<div class=\"_5aj7 _3-8j\">\n<div class=\"_4bl9\">\n<div>@castellersdeparis<\/div>\n<\/div>\n<div><\/div>\n<\/div>\n<div><\/div>\n<div><a href=\"http:\/\/casalparis.cat\/wp-content\/uploads\/2018\/09\/geperuts.jpg\"><img loading=\"lazy\" decoding=\"async\" class=\"aligncenter size-medium wp-image-92\" src=\"http:\/\/casalparis.cat\/wp-content\/uploads\/2018\/09\/geperuts-300x300.jpg\" alt=\"\" width=\"300\" height=\"300\" \/><\/a><\/div>\n<div><a href=\"http:\/\/casalparis.cat\/wp-content\/uploads\/2019\/09\/Castellers-Cph.jpg\"><img loading=\"lazy\" decoding=\"async\" class=\"size-medium wp-image-2803 alignleft\" src=\"https:\/\/casalparis.cat\/wp-content\/uploads\/2023\/09\/Castellers-a-la-UNESCO-17092023-198x300.jpeg\" alt=\"\" width=\"198\" height=\"300\" srcset=\"https:\/\/casalparis.cat\/wp-content\/uploads\/2023\/09\/Castellers-a-la-UNESCO-17092023-198x300.jpeg 198w, https:\/\/casalparis.cat\/wp-content\/uploads\/2023\/09\/Castellers-a-la-UNESCO-17092023.jpeg 675w\" sizes=\"auto, (max-width: 198px) 100vw, 198px\" \/><img loading=\"lazy\" decoding=\"async\" class=\"size-medium wp-image-834 alignright\" src=\"http:\/\/casalparis.cat\/wp-content\/uploads\/2019\/09\/Castellers-Cph-286x300.jpg\" alt=\"\" width=\"286\" height=\"300\" srcset=\"https:\/\/casalparis.cat\/wp-content\/uploads\/2019\/09\/Castellers-Cph-286x300.jpg 286w, https:\/\/casalparis.cat\/wp-content\/uploads\/2019\/09\/Castellers-Cph-768x805.jpg 768w, https:\/\/casalparis.cat\/wp-content\/uploads\/2019\/09\/Castellers-Cph.jpg 916w\" sizes=\"auto, (max-width: 286px) 100vw, 286px\" \/><\/a><\/div>\n<div><\/div>\n<div><\/div>\n<div><\/div>\n<div><\/div>\n<div><\/div>\n<div><\/div>\n<div><\/div>\n<div><\/div>\n<div><\/div>\n<div><\/div>\n<div><\/div>\n<div><\/div>\n<div><\/div>\n<div><\/div>\n<div><\/div>\n<div><\/div>\n<div><\/div>\n<\/div>\n<div>Els castellers a France TV: <a href=\"https:\/\/youtu.be\/G7Ne2T-ndEo\">Video<\/a><\/div>\n<div><\/div>\n<div>\n<div>Vols apuntar-te al grup de Castellers?\u2800<br \/>\nVine a l&#8217;assaig dels geperuts <a class=\"_58cn\" href=\"https:\/\/www.facebook.com\/hashtag\/castells?source=feed_text&amp;epa=HASHTAG&amp;__xts__%5B0%5D=68.ARD1vKsTiUjygndia_RapoPbwtRNzRkCXCUZKAl6CsJp6fhPDOCCmxB6xU3GWg8v59caCqJ4pD7xiD0NNnQcSBRZkPPasvRql0xOv26P59hEK1M051iGN4tNEn1-CQVEjlprUHPXq5gvYTksh4_hopDSNK8eg9COBq7GtIY-KWbIXV74wRQPrZlKfVpg1IVmUVIKlrwXclFtv3J7WMJm9wI0ZhqzUkRTMm6v3LiAVwMZRr8Yi1jMIBQ7b3NVnfpcOo9q69C9AytjftTth_NwWfsnnR_dHF8fDCpsoCVxgxYXXADfmDt3UA3LPLTitEAEyLC5g5RENWHdIJJeHbEW4fZIudhyeb1eHi_k2RfK&amp;__tn__=%2ANK-R\" data-ft=\"{&quot;type&quot;:104,&quot;tn&quot;:&quot;*N&quot;}\"><span class=\"_5afx\"><span class=\"_58cl _5afz\" aria-label=\"hashtag\">#<\/span><span class=\"_58cm\">castells<\/span><\/span><\/a>!<\/div>\n<\/div>\n<div><\/div>\n<div>\n<div><\/div>\n<\/div>\n<div><\/div>\n<div>\n<div><\/div>\n<\/div>\n<div><\/div>\n<div>\n<div><img loading=\"lazy\" decoding=\"async\" class=\"alignnone size-medium wp-image-3538\" src=\"https:\/\/casalparis.cat\/wp-content\/uploads\/2025\/10\/WhatsApp-Image-2025-10-12-at-11.42.01-300x224.jpeg\" alt=\"\" width=\"300\" height=\"224\" srcset=\"https:\/\/casalparis.cat\/wp-content\/uploads\/2025\/10\/WhatsApp-Image-2025-10-12-at-11.42.01-300x224.jpeg 300w, https:\/\/casalparis.cat\/wp-content\/uploads\/2025\/10\/WhatsApp-Image-2025-10-12-at-11.42.01-1024x763.jpeg 1024w, https:\/\/casalparis.cat\/wp-content\/uploads\/2025\/10\/WhatsApp-Image-2025-10-12-at-11.42.01-768x573.jpeg 768w, https:\/\/casalparis.cat\/wp-content\/uploads\/2025\/10\/WhatsApp-Image-2025-10-12-at-11.42.01-402x300.jpeg 402w, https:\/\/casalparis.cat\/wp-content\/uploads\/2025\/10\/WhatsApp-Image-2025-10-12-at-11.42.01.jpeg 1179w\" sizes=\"auto, (max-width: 300px) 100vw, 300px\" \/><\/div>\n<\/div>\n<\/div>\n","protected":false},"excerpt":{"rendered":"<p>GEPERUTS: Castellers de Par\u00eds Som una colla castellera instal\u00b7lada a la capital francesa: gent francesa, catalana i d&#8217;altres indrets amb ganes d&#8217;introduir el m\u00f3n dels castells a Par\u00eds. Si tu tamb\u00e9 tens ganes de participar-hi, no dubtis en escriure&#8217;ns a: &hellip; <a href=\"http:\/\/casalparis.cat\/?page_id=70\">Continua llegint <span class=\"meta-nav\">&rarr;<\/span><\/a><\/p>\n","protected":false},"author":1,"featured_media":91,"parent":0,"menu_order":0,"comment_status":"closed","ping_status":"closed","template":"","meta":{"footnotes":""},"class_list":["post-70","page","type-page","status-publish","has-post-thumbnail","hentry"],"_links":{"self":[{"href":"http:\/\/casalparis.cat\/index.php?rest_route=\/wp\/v2\/pages\/70","targetHints":{"allow":["GET"]}}],"collection":[{"href":"http:\/\/casalparis.cat\/index.php?rest_route=\/wp\/v2\/pages"}],"about":[{"href":"http:\/\/casalparis.cat\/index.php?rest_route=\/wp\/v2\/types\/page"}],"author":[{"embeddable":true,"href":"http:\/\/casalparis.cat\/index.php?rest_route=\/wp\/v2\/users\/1"}],"replies":[{"embeddable":true,"href":"http:\/\/casalparis.cat\/index.php?rest_route=%2Fwp%2Fv2%2Fcomments&post=70"}],"version-history":[{"count":16,"href":"http:\/\/casalparis.cat\/index.php?rest_route=\/wp\/v2\/pages\/70\/revisions"}],"predecessor-version":[{"id":3539,"href":"http:\/\/casalparis.cat\/index.php?rest_route=\/wp\/v2\/pages\/70\/revisions\/3539"}],"wp:featuredmedia":[{"embeddable":true,"href":"http:\/\/casalparis.cat\/index.php?rest_route=\/wp\/v2\/media\/91"}],"wp:attachment":[{"href":"http:\/\/casalparis.cat\/index.php?rest_route=%2Fwp%2Fv2%2Fmedia&parent=70"}],"curies":[{"name":"wp","href":"https:\/\/api.w.org\/{rel}","templated":true}]}}