{"id":108,"date":"2018-09-07T13:25:54","date_gmt":"2018-09-07T11:25:54","guid":{"rendered":"http:\/\/casalparis.cat\/?page_id=108"},"modified":"2023-10-29T15:01:28","modified_gmt":"2023-10-29T14:01:28","slug":"contactans","status":"publish","type":"page","link":"http:\/\/casalparis.cat\/?page_id=108","title":{"rendered":"Contacta&#8217;ns"},"content":{"rendered":"<div class=\"_4bl9\">\n<div><span class=\"_2iem\">Maison des Associations 5\u00e8me-6\u00e8me, <\/span><\/div>\n<div><a href=\"https:\/\/www.google.com\/maps\/place\/4+Rue+des+Ar%C3%A8nes,+75005+Paris\/@48.8451275,2.3520573,17z\/data=!3m1!4b1!4m5!3m4!1s0x47e671efe5b2eba7:0x81e376c2402d4a2b!8m2!3d48.8451275!4d2.354246\" target=\"_blank\" rel=\"noopener\"><span class=\"_2iem\">4 rue des Ar\u00e8nes<\/span><\/a><\/div>\n<div><span class=\"_2iem\">75005 Paris, France<\/span><\/div>\n<div>(nom\u00e9s bustia, no tenim local)<\/div>\n<\/div>\n<div><\/div>\n<div><\/div>\n<div>Email: casal@casalparis.cat<\/div>\n<div><\/div>\n<div>Si voleu apuntar-vos a la llista de difusi\u00f3 i rebre informaci\u00f3 de totes les activitats que fem, podeu omplir aquest <a href=\"https:\/\/stats.sender.net\/forms\/aKx3Jb\/view\">formulari<\/a> o enviar-nos un mail a <a href=\"casal@casalparis.cat\">casal@casalparis.cat.<\/a><\/div>\n<div><\/div>\n<div><\/div>\n<div><\/div>\n","protected":false},"excerpt":{"rendered":"<p>Maison des Associations 5\u00e8me-6\u00e8me, 4 rue des Ar\u00e8nes 75005 Paris, France (nom\u00e9s bustia, no tenim local) Email: casal@casalparis.cat Si voleu apuntar-vos a la llista de difusi\u00f3 i rebre informaci\u00f3 de totes les activitats que fem, podeu omplir aquest formulari o &hellip; <a href=\"http:\/\/casalparis.cat\/?page_id=108\">Continua llegint <span class=\"meta-nav\">&rarr;<\/span><\/a><\/p>\n","protected":false},"author":1,"featured_media":0,"parent":0,"menu_order":0,"comment_status":"closed","ping_status":"closed","template":"","meta":{"footnotes":""},"class_list":["post-108","page","type-page","status-publish","hentry"],"_links":{"self":[{"href":"http:\/\/casalparis.cat\/index.php?rest_route=\/wp\/v2\/pages\/108","targetHints":{"allow":["GET"]}}],"collection":[{"href":"http:\/\/casalparis.cat\/index.php?rest_route=\/wp\/v2\/pages"}],"about":[{"href":"http:\/\/casalparis.cat\/index.php?rest_route=\/wp\/v2\/types\/page"}],"author":[{"embeddable":true,"href":"http:\/\/casalparis.cat\/index.php?rest_route=\/wp\/v2\/users\/1"}],"replies":[{"embeddable":true,"href":"http:\/\/casalparis.cat\/index.php?rest_route=%2Fwp%2Fv2%2Fcomments&post=108"}],"version-history":[{"count":4,"href":"http:\/\/casalparis.cat\/index.php?rest_route=\/wp\/v2\/pages\/108\/revisions"}],"predecessor-version":[{"id":2905,"href":"http:\/\/casalparis.cat\/index.php?rest_route=\/wp\/v2\/pages\/108\/revisions\/2905"}],"wp:attachment":[{"href":"http:\/\/casalparis.cat\/index.php?rest_route=%2Fwp%2Fv2%2Fmedia&parent=108"}],"curies":[{"name":"wp","href":"https:\/\/api.w.org\/{rel}","templated":true}]}}